{"id":97,"date":"2019-03-20T22:36:48","date_gmt":"2019-03-21T03:36:48","guid":{"rendered":"http:\/\/groupemetalex.com\/?page_id=97"},"modified":"2026-02-02T09:39:03","modified_gmt":"2026-02-02T14:39:03","slug":"sous-traitance-industrielle","status":"publish","type":"page","link":"https:\/\/groupemetalex.com\/?page_id=97","title":{"rendered":"SOUS-TRAITANCE INDUSTRIELLE"},"content":{"rendered":"\r\n<p>Groupe Metalex est en mesure de prendre en charge vos projets d&rsquo;assemblage m\u00e9cano-soud\u00e9s selon vos plans et devis et en respectant vos normes et proc\u00e9dures.<\/p>\r\n\r\n\r\n<hr class=\"wp-block-separator\" \/>\r\n\r\n\r\n<h4 class=\"wp-block-heading\">\u00c9quipe polyvalente<\/h4>\r\n\r\n\r\n\r\n<p>Notre \u00e9quipe multi-disciplinaire est en mesure, \u00e0 l&rsquo;aide de nos \u00e9quipements de qualit\u00e9, de relever les d\u00e9fis que repr\u00e9sentent vos projets quels qu&rsquo;ils soient.<\/p>\r\n\r\n\r\n\r\n<div class=\"wp-block-columns is-layout-flex wp-container-core-columns-is-layout-9d6595d7 wp-block-columns-is-layout-flex\">\r\n<div class=\"wp-block-column is-layout-flow wp-block-column-is-layout-flow\" style=\"flex-basis: 25%;\">\r\n<div class=\"wp-block-image is-style-rounded\">\r\n<figure class=\"alignright size-full\"><img loading=\"lazy\" decoding=\"async\" width=\"120\" height=\"120\" class=\"wp-image-75\" src=\"http:\/\/groupemetalex.com\/wp-content\/uploads\/2019\/03\/Welder-01-e1600374772886.jpg\" alt=\"\" srcset=\"https:\/\/groupemetalex.com\/wp-content\/uploads\/2019\/03\/Welder-01-e1600374772886.jpg 120w, https:\/\/groupemetalex.com\/wp-content\/uploads\/2019\/03\/Welder-01-e1600374772886-75x75.jpg 75w\" sizes=\"auto, (max-width: 120px) 100vw, 120px\" \/><\/figure>\r\n<\/div>\r\n\r\n\r\n\r\n<p>&nbsp;<\/p>\r\n<\/div>\r\n\r\n\r\n\r\n<div class=\"wp-block-column is-layout-flow wp-block-column-is-layout-flow\" style=\"flex-basis: 66.66%;\">\r\n<p>&#8211; Assemblages m\u00e9cano-soud\u00e9s<br \/>&#8211; Gardes de s\u00e9curit\u00e9<br \/>&#8211; Structures m\u00e9talliques<br \/>&#8211; Tuyauterie<\/p>\r\n<\/div>\r\n<\/div>\r\n\r\n\r\n\r\n<figure class=\"wp-block-gallery columns-3 is-cropped wp-block-gallery-1 is-layout-flex wp-block-gallery-is-layout-flex\">\r\n<ul class=\"blocks-gallery-grid\">\r\n<li class=\"blocks-gallery-item\">\r\n<figure><img loading=\"lazy\" decoding=\"async\" width=\"890\" height=\"768\" class=\"wp-image-113\" src=\"http:\/\/groupemetalex.com\/wp-content\/uploads\/2019\/03\/SCANNER_01.jpg\" alt=\"\u00c9QUIPEMENT D'INSPECTION\" data-id=\"113\" data-full-url=\"http:\/\/groupemetalex.com\/wp-content\/uploads\/2019\/03\/SCANNER_01.jpg\" data-link=\"http:\/\/groupemetalex.com\/?attachment_id=113\" srcset=\"https:\/\/groupemetalex.com\/wp-content\/uploads\/2019\/03\/SCANNER_01.jpg 890w, https:\/\/groupemetalex.com\/wp-content\/uploads\/2019\/03\/SCANNER_01-300x259.jpg 300w, https:\/\/groupemetalex.com\/wp-content\/uploads\/2019\/03\/SCANNER_01-768x663.jpg 768w, https:\/\/groupemetalex.com\/wp-content\/uploads\/2019\/03\/SCANNER_01-220x190.jpg 220w, https:\/\/groupemetalex.com\/wp-content\/uploads\/2019\/03\/SCANNER_01-187x161.jpg 187w, https:\/\/groupemetalex.com\/wp-content\/uploads\/2019\/03\/SCANNER_01-453x391.jpg 453w\" sizes=\"auto, (max-width: 890px) 100vw, 890px\" \/>\r\n<figcaption class=\"blocks-gallery-item__caption\">\u00c9QUIPEMENT D&rsquo;INSPECTION<\/figcaption>\r\n<\/figure>\r\n<\/li>\r\n<li class=\"blocks-gallery-item\">\r\n<figure><img loading=\"lazy\" decoding=\"async\" width=\"300\" height=\"300\" class=\"wp-image-289\" src=\"http:\/\/groupemetalex.com\/wp-content\/uploads\/2019\/07\/StIndu-01.jpg\" alt=\"MACHINE DE TRAITEMENT DU BOIS\" data-id=\"289\" data-full-url=\"http:\/\/groupemetalex.com\/wp-content\/uploads\/2019\/07\/StIndu-01.jpg\" data-link=\"http:\/\/groupemetalex.com\/?attachment_id=289\" srcset=\"https:\/\/groupemetalex.com\/wp-content\/uploads\/2019\/07\/StIndu-01.jpg 300w, https:\/\/groupemetalex.com\/wp-content\/uploads\/2019\/07\/StIndu-01-150x150.jpg 150w, https:\/\/groupemetalex.com\/wp-content\/uploads\/2019\/07\/StIndu-01-220x220.jpg 220w, https:\/\/groupemetalex.com\/wp-content\/uploads\/2019\/07\/StIndu-01-75x75.jpg 75w, https:\/\/groupemetalex.com\/wp-content\/uploads\/2019\/07\/StIndu-01-187x187.jpg 187w, https:\/\/groupemetalex.com\/wp-content\/uploads\/2019\/07\/StIndu-01-184x184.jpg 184w\" sizes=\"auto, (max-width: 300px) 100vw, 300px\" \/>\r\n<figcaption class=\"blocks-gallery-item__caption\">MACHINE DE TRAITEMENT DU BOIS<\/figcaption>\r\n<\/figure>\r\n<\/li>\r\n<li class=\"blocks-gallery-item\">\r\n<figure><img decoding=\"async\" class=\"wp-image-129\" src=\"http:\/\/groupemetalex.com\/wp-content\/uploads\/2019\/03\/MINIER-08.jpg\" alt=\"STRUCTURE D'ACIER\" data-id=\"129\" data-full-url=\"http:\/\/groupemetalex.com\/wp-content\/uploads\/2019\/03\/MINIER-08.jpg\" data-link=\"http:\/\/groupemetalex.com\/?attachment_id=129\" \/>\r\n<figcaption class=\"blocks-gallery-item__caption\">STRUCTURE D&rsquo;ACIER<\/figcaption>\r\n<\/figure>\r\n<\/li>\r\n<li class=\"blocks-gallery-item\">\r\n<figure><img decoding=\"async\" class=\"wp-image-496\" src=\"http:\/\/groupemetalex.com\/wp-content\/uploads\/2019\/11\/BinPortQc-1024x683.jpg\" alt=\"BAC DE CHARGEMENT PORT DE QC\" data-id=\"496\" data-full-url=\"http:\/\/groupemetalex.com\/wp-content\/uploads\/2019\/11\/BinPortQc.jpg\" data-link=\"http:\/\/groupemetalex.com\/?attachment_id=496\" \/>\r\n<figcaption class=\"blocks-gallery-item__caption\">BAC DE CHARGEMENT PORT DE QC<\/figcaption>\r\n<\/figure>\r\n<\/li>\r\n<li class=\"blocks-gallery-item\">\r\n<figure><img loading=\"lazy\" decoding=\"async\" width=\"1024\" height=\"768\" class=\"wp-image-111\" src=\"http:\/\/groupemetalex.com\/wp-content\/uploads\/2019\/03\/ASSEMBLE-03-1024x768.jpg\" alt=\"BAC DE REJETS\" data-id=\"111\" data-full-url=\"http:\/\/groupemetalex.com\/wp-content\/uploads\/2019\/03\/ASSEMBLE-03.jpg\" data-link=\"http:\/\/groupemetalex.com\/?attachment_id=111\" \/>\r\n<figcaption class=\"blocks-gallery-item__caption\">BAC DE REJETS<\/figcaption>\r\n<\/figure>\r\n<\/li>\r\n<li class=\"blocks-gallery-item\">\r\n<figure><img loading=\"lazy\" decoding=\"async\" width=\"1024\" height=\"768\" class=\"wp-image-130\" src=\"http:\/\/groupemetalex.com\/wp-content\/uploads\/2019\/03\/MINIER-03-1024x768.jpg\" alt=\"GARDE MINIER\" data-id=\"130\" data-full-url=\"http:\/\/groupemetalex.com\/wp-content\/uploads\/2019\/03\/MINIER-03.jpg\" data-link=\"http:\/\/groupemetalex.com\/?attachment_id=130\" srcset=\"https:\/\/groupemetalex.com\/wp-content\/uploads\/2019\/03\/MINIER-03.jpg 1024w, https:\/\/groupemetalex.com\/wp-content\/uploads\/2019\/03\/MINIER-03-300x225.jpg 300w, https:\/\/groupemetalex.com\/wp-content\/uploads\/2019\/03\/MINIER-03-768x576.jpg 768w, https:\/\/groupemetalex.com\/wp-content\/uploads\/2019\/03\/MINIER-03-220x165.jpg 220w, https:\/\/groupemetalex.com\/wp-content\/uploads\/2019\/03\/MINIER-03-187x140.jpg 187w, https:\/\/groupemetalex.com\/wp-content\/uploads\/2019\/03\/MINIER-03-453x340.jpg 453w\" sizes=\"auto, (max-width: 1024px) 100vw, 1024px\" \/>\r\n<figcaption class=\"blocks-gallery-item__caption\">GARDE MINIER<\/figcaption>\r\n<\/figure>\r\n<\/li>\r\n<li class=\"blocks-gallery-item\">\r\n<figure><img loading=\"lazy\" decoding=\"async\" width=\"1017\" height=\"666\" class=\"wp-image-279\" src=\"http:\/\/groupemetalex.com\/wp-content\/uploads\/2019\/07\/Feature1.jpg\" alt=\"MACHINE DE TRAITEMENT DU BOIS\" data-id=\"279\" data-full-url=\"http:\/\/groupemetalex.com\/wp-content\/uploads\/2019\/07\/Feature1.jpg\" data-link=\"http:\/\/groupemetalex.com\/?attachment_id=279\" srcset=\"https:\/\/groupemetalex.com\/wp-content\/uploads\/2019\/07\/Feature1.jpg 1017w, https:\/\/groupemetalex.com\/wp-content\/uploads\/2019\/07\/Feature1-300x196.jpg 300w, https:\/\/groupemetalex.com\/wp-content\/uploads\/2019\/07\/Feature1-768x503.jpg 768w, https:\/\/groupemetalex.com\/wp-content\/uploads\/2019\/07\/Feature1-220x144.jpg 220w, https:\/\/groupemetalex.com\/wp-content\/uploads\/2019\/07\/Feature1-187x122.jpg 187w, https:\/\/groupemetalex.com\/wp-content\/uploads\/2019\/07\/Feature1-453x297.jpg 453w, https:\/\/groupemetalex.com\/wp-content\/uploads\/2019\/07\/Feature1-207x136.jpg 207w, https:\/\/groupemetalex.com\/wp-content\/uploads\/2019\/07\/Feature1-260x170.jpg 260w, https:\/\/groupemetalex.com\/wp-content\/uploads\/2019\/07\/Feature1-430x283.jpg 430w\" sizes=\"auto, (max-width: 1017px) 100vw, 1017px\" \/>\r\n<figcaption class=\"blocks-gallery-item__caption\">MACHINE DE TRAITEMENT DU BOIS<\/figcaption>\r\n<\/figure>\r\n<\/li>\r\n<\/ul>\r\n<\/figure>\r\n\r\n\r\n\r\n<p>&nbsp;<\/p>\r\n\r\n\r\n<hr class=\"wp-block-separator\" \/>\r\n\r\n\r\n<h4 class=\"wp-block-heading\">Suivi efficace \/ equipe dynamique \/<\/h4>\r\n\r\n\r\n\r\n<div class=\"wp-block-columns has-2-columns is-layout-flex wp-container-core-columns-is-layout-9d6595d7 wp-block-columns-is-layout-flex\">\r\n<div class=\"wp-block-column is-layout-flow wp-block-column-is-layout-flow\">\r\n<p>Nous offrons un suivi de projet ponctuel et ne laissons aucun d\u00e9tail au hasard.<\/p>\r\n\r\n\r\n\r\n<p>La prise en main de votre projet est faite de fa\u00e7on professionnelle et humaine par notre \u00e9quipe comp\u00e9tente et d\u00e9vou\u00e9e.<\/p>\r\n\r\n\r\n\r\n<p>Notre dynamisme et notre implication met vos int\u00e9r\u00eats \u00e0 l&rsquo;avant plan et vous assure l&rsquo;atteinte des objectifs selon les normes et dans les d\u00e9lais.<\/p>\r\n<\/div>\r\n\r\n\r\n\r\n<div class=\"wp-block-column is-layout-flow wp-block-column-is-layout-flow\">\r\n<div class=\"wp-block-image\">\r\n<figure class=\"alignright\"><img loading=\"lazy\" decoding=\"async\" width=\"301\" height=\"229\" class=\"wp-image-181\" src=\"http:\/\/groupemetalex.com\/wp-content\/uploads\/2019\/03\/image.png\" alt=\"\" srcset=\"https:\/\/groupemetalex.com\/wp-content\/uploads\/2019\/03\/image.png 301w, https:\/\/groupemetalex.com\/wp-content\/uploads\/2019\/03\/image-300x228.png 300w, https:\/\/groupemetalex.com\/wp-content\/uploads\/2019\/03\/image-220x167.png 220w, https:\/\/groupemetalex.com\/wp-content\/uploads\/2019\/03\/image-187x142.png 187w\" sizes=\"auto, (max-width: 301px) 100vw, 301px\" \/><\/figure>\r\n<\/div>\r\n<\/div>\r\n<\/div>\r\n\r\n\r\n\r\n<p>&nbsp;<\/p>\r\n","protected":false},"excerpt":{"rendered":"<p>Groupe Metalex est en mesure de prendre en charge vos projets d&rsquo;assemblage m\u00e9cano-soud\u00e9s selon vos plans et devis et en respectant vos normes et proc\u00e9dures.<\/p>\n","protected":false},"author":1,"featured_media":279,"parent":0,"menu_order":0,"comment_status":"closed","ping_status":"closed","template":"","meta":{"footnotes":""},"class_list":["post-97","page","type-page","status-publish","has-post-thumbnail","hentry"],"_links":{"self":[{"href":"https:\/\/groupemetalex.com\/index.php?rest_route=\/wp\/v2\/pages\/97","targetHints":{"allow":["GET"]}}],"collection":[{"href":"https:\/\/groupemetalex.com\/index.php?rest_route=\/wp\/v2\/pages"}],"about":[{"href":"https:\/\/groupemetalex.com\/index.php?rest_route=\/wp\/v2\/types\/page"}],"author":[{"embeddable":true,"href":"https:\/\/groupemetalex.com\/index.php?rest_route=\/wp\/v2\/users\/1"}],"replies":[{"embeddable":true,"href":"https:\/\/groupemetalex.com\/index.php?rest_route=%2Fwp%2Fv2%2Fcomments&post=97"}],"version-history":[{"count":69,"href":"https:\/\/groupemetalex.com\/index.php?rest_route=\/wp\/v2\/pages\/97\/revisions"}],"predecessor-version":[{"id":778,"href":"https:\/\/groupemetalex.com\/index.php?rest_route=\/wp\/v2\/pages\/97\/revisions\/778"}],"wp:featuredmedia":[{"embeddable":true,"href":"https:\/\/groupemetalex.com\/index.php?rest_route=\/wp\/v2\/media\/279"}],"wp:attachment":[{"href":"https:\/\/groupemetalex.com\/index.php?rest_route=%2Fwp%2Fv2%2Fmedia&parent=97"}],"curies":[{"name":"wp","href":"https:\/\/api.w.org\/{rel}","templated":true}]}}