{"id":680,"date":"2020-12-12T19:04:41","date_gmt":"2020-12-13T00:04:41","guid":{"rendered":"http:\/\/groupemetalex.com\/?page_id=680"},"modified":"2025-06-16T15:20:04","modified_gmt":"2025-06-16T20:20:04","slug":"accueil","status":"publish","type":"page","link":"https:\/\/groupemetalex.com\/","title":{"rendered":"Accueil"},"content":{"rendered":"\r\n<div class=\"wp-block-columns is-layout-flex wp-container-core-columns-is-layout-9d6595d7 wp-block-columns-is-layout-flex\">\r\n<div class=\"wp-block-column is-layout-flow wp-block-column-is-layout-flow\" style=\"flex-basis: 33%;\">\r\n<figure class=\"wp-block-image size-large is-resized\"><img loading=\"lazy\" decoding=\"async\" class=\"wp-image-719\" src=\"http:\/\/groupemetalex.com\/wp-content\/uploads\/2020\/12\/Welder-Icon-wt.png\" alt=\"\" width=\"100\" height=\"100\" srcset=\"https:\/\/groupemetalex.com\/wp-content\/uploads\/2020\/12\/Welder-Icon-wt.png 125w, https:\/\/groupemetalex.com\/wp-content\/uploads\/2020\/12\/Welder-Icon-wt-75x75.png 75w\" sizes=\"auto, (max-width: 100px) 100vw, 100px\" \/><\/figure>\r\n\r\n\r\n\r\n<p class=\"has-text-align-left has-white-color has-text-color has-medium-font-size\"><a href=\"http:\/\/groupemetalex.com\/?page_id=97\">SOUS-TRAITANCE INDUSTRIELLE<\/a><\/p>\r\n\r\n\r\n\r\n<p class=\"has-text-align-left has-white-color has-text-color\">Groupe Metalex est en mesure de prendre en charge vos projets d\u2019assemblage m\u00e9cano-soud\u00e9s selon vos plans et devis et en respectant vos normes et proc\u00e9dures.<\/p>\r\n<\/div>\r\n\r\n\r\n\r\n<div class=\"wp-block-column is-layout-flow wp-block-column-is-layout-flow\" style=\"flex-basis: 34%;\">\r\n<figure class=\"wp-block-image size-large is-resized\"><img loading=\"lazy\" decoding=\"async\" class=\"wp-image-718\" src=\"http:\/\/groupemetalex.com\/wp-content\/uploads\/2020\/12\/H-Beam-Icon-wt.png\" alt=\"\" width=\"100\" height=\"100\" srcset=\"https:\/\/groupemetalex.com\/wp-content\/uploads\/2020\/12\/H-Beam-Icon-wt.png 216w, https:\/\/groupemetalex.com\/wp-content\/uploads\/2020\/12\/H-Beam-Icon-wt-75x75.png 75w, https:\/\/groupemetalex.com\/wp-content\/uploads\/2020\/12\/H-Beam-Icon-wt-187x187.png 187w, https:\/\/groupemetalex.com\/wp-content\/uploads\/2020\/12\/H-Beam-Icon-wt-184x184.png 184w\" sizes=\"auto, (max-width: 100px) 100vw, 100px\" \/><\/figure>\r\n\r\n\r\n\r\n<p class=\"has-text-align-left has-white-color has-text-color has-medium-font-size\"><a href=\"http:\/\/groupemetalex.com\/?page_id=104\">M\u00c9TAUX OUVR\u00c9S<\/a><\/p>\r\n\r\n\r\n\r\n<p class=\"has-text-align-left has-white-color has-text-color\">Envoyez-nous vos devis pour la portion \u00ab m\u00e9taux ouvr\u00e9s \u00bb pour vos projets, il nous fera plaisir de travailler main dans la main avec votre \u00e9quipe pour accomplir les projets les plus diversifi\u00e9s.<\/p>\r\n\r\n\r\n\r\n<p class=\"has-text-align-left has-white-color has-text-color\">Groupe Metalex con\u00e7oit, assemble, r\u00e9pare et produit tout type d\u2019ouvrage m\u00e9cano-soud\u00e9.<\/p>\r\n<\/div>\r\n\r\n\r\n\r\n<div class=\"wp-block-column is-layout-flow wp-block-column-is-layout-flow\" style=\"flex-basis: 33%;\">\r\n<figure class=\"wp-block-image size-large\"><img loading=\"lazy\" decoding=\"async\" width=\"100\" height=\"100\" class=\"wp-image-717\" src=\"http:\/\/groupemetalex.com\/wp-content\/uploads\/2020\/12\/Cad-Icon-wt.png\" alt=\"\" srcset=\"https:\/\/groupemetalex.com\/wp-content\/uploads\/2020\/12\/Cad-Icon-wt.png 100w, https:\/\/groupemetalex.com\/wp-content\/uploads\/2020\/12\/Cad-Icon-wt-75x75.png 75w\" sizes=\"auto, (max-width: 100px) 100vw, 100px\" \/><\/figure>\r\n\r\n\r\n\r\n<p class=\"has-text-align-left has-white-color has-text-color has-medium-font-size\"><a href=\"http:\/\/groupemetalex.com\/?page_id=158\">CONCEPTION &amp; DESIGN 3D<\/a><\/p>\r\n\r\n\r\n\r\n<p class=\"has-text-align-left has-white-color has-text-color\">Vous n\u2019avez pas toujours en main les plans pour r\u00e9aliser vos projets, nous offrons un service de prise de mesures, de conception assist\u00e9e par ordinateur (CAO) et de production de plans d\u2019atelier pour mise en production.<\/p>\r\n<\/div>\r\n<\/div>\r\n","protected":false},"excerpt":{"rendered":"<p>SOUS-TRAITANCE INDUSTRIELLE Groupe Metalex est en mesure de prendre en charge vos projets d\u2019assemblage m\u00e9cano-soud\u00e9s selon vos plans et devis et en respectant vos normes et proc\u00e9dures. M\u00c9TAUX OUVR\u00c9S Envoyez-nous vos devis pour la portion \u00ab m\u00e9taux ouvr\u00e9s \u00bb pour vos projets, il nous fera plaisir de travailler main dans la main avec votre \u00e9quipe [&hellip;]<\/p>\n","protected":false},"author":1,"featured_media":0,"parent":0,"menu_order":0,"comment_status":"closed","ping_status":"closed","template":"page-full.php","meta":{"footnotes":""},"class_list":["post-680","page","type-page","status-publish","hentry"],"_links":{"self":[{"href":"https:\/\/groupemetalex.com\/index.php?rest_route=\/wp\/v2\/pages\/680","targetHints":{"allow":["GET"]}}],"collection":[{"href":"https:\/\/groupemetalex.com\/index.php?rest_route=\/wp\/v2\/pages"}],"about":[{"href":"https:\/\/groupemetalex.com\/index.php?rest_route=\/wp\/v2\/types\/page"}],"author":[{"embeddable":true,"href":"https:\/\/groupemetalex.com\/index.php?rest_route=\/wp\/v2\/users\/1"}],"replies":[{"embeddable":true,"href":"https:\/\/groupemetalex.com\/index.php?rest_route=%2Fwp%2Fv2%2Fcomments&post=680"}],"version-history":[{"count":22,"href":"https:\/\/groupemetalex.com\/index.php?rest_route=\/wp\/v2\/pages\/680\/revisions"}],"predecessor-version":[{"id":774,"href":"https:\/\/groupemetalex.com\/index.php?rest_route=\/wp\/v2\/pages\/680\/revisions\/774"}],"wp:attachment":[{"href":"https:\/\/groupemetalex.com\/index.php?rest_route=%2Fwp%2Fv2%2Fmedia&parent=680"}],"curies":[{"name":"wp","href":"https:\/\/api.w.org\/{rel}","templated":true}]}}