{"id":169,"date":"2019-03-21T01:09:44","date_gmt":"2019-03-21T06:09:44","guid":{"rendered":"http:\/\/groupemetalex.com\/?page_id=169"},"modified":"2023-11-16T11:46:00","modified_gmt":"2023-11-16T16:46:00","slug":"services-connexes","status":"publish","type":"page","link":"https:\/\/groupemetalex.com\/?page_id=169","title":{"rendered":"SERVICES CONNEXES"},"content":{"rendered":"\r\n\r\n\r\n<h2 class=\"wp-block-heading\">PRISE EN CHARGE<\/h2>\r\n\r\n\r\n<div class=\"wp-block-image\">\r\n<figure class=\"alignright\"><img loading=\"lazy\" decoding=\"async\" width=\"294\" height=\"226\" class=\"wp-image-184\" src=\"http:\/\/groupemetalex.com\/wp-content\/uploads\/2019\/03\/image-1.png\" alt=\"\" srcset=\"https:\/\/groupemetalex.com\/wp-content\/uploads\/2019\/03\/image-1.png 294w, https:\/\/groupemetalex.com\/wp-content\/uploads\/2019\/03\/image-1-220x169.png 220w, https:\/\/groupemetalex.com\/wp-content\/uploads\/2019\/03\/image-1-187x144.png 187w\" sizes=\"auto, (max-width: 294px) 100vw, 294px\" \/><\/figure>\r\n<\/div>\r\n\r\n\r\n<p>Afin de vous offrir un service clef en main, nous prenons en charge les services connexes requis pour vos projets et assurons le contr\u00f4le qualit\u00e9 des travaux effectu\u00e9s par nos sous-traitants.<\/p>\r\n\r\n\r\n\r\n<ul class=\"wp-block-list\">\r\n<li>Usinage<\/li>\r\n\r\n\r\n\r\n<li>Oxycoupage<\/li>\r\n\r\n\r\n\r\n<li>Coupe au plasma<\/li>\r\n\r\n\r\n\r\n<li>Peinture<\/li>\r\n\r\n\r\n\r\n<li>Galvanisation<\/li>\r\n<\/ul>\r\n\r\n\r\n\r\n<p>&nbsp;<\/p>\r\n","protected":false},"excerpt":{"rendered":"<p>PRISE EN CHARGE Afin de vous offrir un service clef en main, nous prenons en charge les services connexes requis pour vos projets et assurons le contr\u00f4le qualit\u00e9 des travaux effectu\u00e9s par nos sous-traitants. &nbsp;<\/p>\n","protected":false},"author":1,"featured_media":184,"parent":0,"menu_order":2,"comment_status":"closed","ping_status":"closed","template":"","meta":{"footnotes":""},"class_list":["post-169","page","type-page","status-publish","has-post-thumbnail","hentry"],"_links":{"self":[{"href":"https:\/\/groupemetalex.com\/index.php?rest_route=\/wp\/v2\/pages\/169","targetHints":{"allow":["GET"]}}],"collection":[{"href":"https:\/\/groupemetalex.com\/index.php?rest_route=\/wp\/v2\/pages"}],"about":[{"href":"https:\/\/groupemetalex.com\/index.php?rest_route=\/wp\/v2\/types\/page"}],"author":[{"embeddable":true,"href":"https:\/\/groupemetalex.com\/index.php?rest_route=\/wp\/v2\/users\/1"}],"replies":[{"embeddable":true,"href":"https:\/\/groupemetalex.com\/index.php?rest_route=%2Fwp%2Fv2%2Fcomments&post=169"}],"version-history":[{"count":12,"href":"https:\/\/groupemetalex.com\/index.php?rest_route=\/wp\/v2\/pages\/169\/revisions"}],"predecessor-version":[{"id":747,"href":"https:\/\/groupemetalex.com\/index.php?rest_route=\/wp\/v2\/pages\/169\/revisions\/747"}],"wp:featuredmedia":[{"embeddable":true,"href":"https:\/\/groupemetalex.com\/index.php?rest_route=\/wp\/v2\/media\/184"}],"wp:attachment":[{"href":"https:\/\/groupemetalex.com\/index.php?rest_route=%2Fwp%2Fv2%2Fmedia&parent=169"}],"curies":[{"name":"wp","href":"https:\/\/api.w.org\/{rel}","templated":true}]}}