{"id":158,"date":"2019-03-21T00:39:08","date_gmt":"2019-03-21T05:39:08","guid":{"rendered":"http:\/\/groupemetalex.com\/?page_id=158"},"modified":"2026-02-02T09:40:12","modified_gmt":"2026-02-02T14:40:12","slug":"conception-design","status":"publish","type":"page","link":"https:\/\/groupemetalex.com\/?page_id=158","title":{"rendered":"CONCEPTION &#038; DESIGN 3D"},"content":{"rendered":"\r\n<p>Vous n&rsquo;avez pas toujours en main les plans pour r\u00e9aliser vos projets, nous offrons un service de prise de mesures, de conception assist\u00e9e par ordinateur (CAO 3D) et de production de plans d&rsquo;atelier pour mise en production.<\/p>\r\n\r\n\r\n<hr class=\"wp-block-separator\" \/>\r\n\r\n\r\n<h4 class=\"wp-block-heading\">Les bons outils<\/h4>\r\n\r\n\r\n\r\n<div class=\"wp-block-columns has-2-columns is-layout-flex wp-container-core-columns-is-layout-9d6595d7 wp-block-columns-is-layout-flex\">\r\n<div class=\"wp-block-column is-layout-flow wp-block-column-is-layout-flow\">\r\n<p>Afin d&rsquo;\u00eatre \u00e0 la fine pointe de la technologie, Groupe Metalex utilise les meilleurs logiciels disponibles sur le march\u00e9, op\u00e9r\u00e9s par un personnel qualifi\u00e9, passionn\u00e9 et exp\u00e9riment\u00e9 qui a \u00e0 coeur la r\u00e9ussite de vos projets et ce, dans les moindres d\u00e9tails.<\/p>\r\n\r\n\r\n\r\n<p>La pr\u00e9cision et la qualit\u00e9 du travail commence avec une bonne planification et une conception optimis\u00e9e; c&rsquo;est ce que vous offre Groupe Metalex et son \u00e9quipe d\u00e9vou\u00e9e.<\/p>\r\n<\/div>\r\n\r\n\r\n\r\n<div class=\"wp-block-column is-layout-flow wp-block-column-is-layout-flow\">\r\n<div class=\"wp-block-image\">\r\n<figure class=\"alignright is-resized\"><img loading=\"lazy\" decoding=\"async\" class=\"wp-image-257\" src=\"http:\/\/groupemetalex.com\/wp-content\/uploads\/2019\/05\/Solidworks.png\" alt=\"SolidWorks\" width=\"145\" height=\"145\" srcset=\"https:\/\/groupemetalex.com\/wp-content\/uploads\/2019\/05\/Solidworks.png 200w, https:\/\/groupemetalex.com\/wp-content\/uploads\/2019\/05\/Solidworks-150x150.png 150w, https:\/\/groupemetalex.com\/wp-content\/uploads\/2019\/05\/Solidworks-75x75.png 75w, https:\/\/groupemetalex.com\/wp-content\/uploads\/2019\/05\/Solidworks-187x187.png 187w, https:\/\/groupemetalex.com\/wp-content\/uploads\/2019\/05\/Solidworks-184x184.png 184w\" sizes=\"auto, (max-width: 145px) 100vw, 145px\" \/><\/figure>\r\n<\/div>\r\n\r\n\r\n\r\n<div class=\"wp-block-image\">\r\n<figure class=\"alignright is-resized\"><img loading=\"lazy\" decoding=\"async\" class=\"wp-image-357\" src=\"http:\/\/groupemetalex.com\/wp-content\/uploads\/2019\/07\/autocad-logo.png\" alt=\"AutoCad\" width=\"167\" height=\"167\" srcset=\"https:\/\/groupemetalex.com\/wp-content\/uploads\/2019\/07\/autocad-logo.png 200w, https:\/\/groupemetalex.com\/wp-content\/uploads\/2019\/07\/autocad-logo-150x150.png 150w, https:\/\/groupemetalex.com\/wp-content\/uploads\/2019\/07\/autocad-logo-75x75.png 75w, https:\/\/groupemetalex.com\/wp-content\/uploads\/2019\/07\/autocad-logo-187x187.png 187w, https:\/\/groupemetalex.com\/wp-content\/uploads\/2019\/07\/autocad-logo-184x184.png 184w\" sizes=\"auto, (max-width: 167px) 100vw, 167px\" \/><\/figure>\r\n<\/div>\r\n<\/div>\r\n<\/div>\r\n\r\n\r\n<hr class=\"wp-block-separator\" \/>\r\n\r\n\r\n<h4 class=\"wp-block-heading\">Pr\u00e9-visualisation tridimensionnelle<\/h4>\r\n\r\n\r\n\r\n<p>En mod\u00e9lisant votre projet en 3 dimensions, chacun des d\u00e9tails peut \u00eatre trait\u00e9 avant m\u00eame que la premi\u00e8re coupe ne soit effectu\u00e9e; vous assurant ainsi un produit \u00e0 la hauteur de vos exigences, de la conception \u00e0 la fabrication.<\/p>\r\n\r\n\r\n\r\n<figure class=\"wp-block-gallery columns-3 is-cropped wp-block-gallery-1 is-layout-flex wp-block-gallery-is-layout-flex\">\r\n<ul class=\"blocks-gallery-grid\">\r\n<li class=\"blocks-gallery-item\">\r\n<figure><a href=\"http:\/\/groupemetalex.com\/wp-content\/uploads\/2019\/10\/STRUCTURE-001-LARGE-1024x791.jpg\"><img loading=\"lazy\" decoding=\"async\" width=\"1024\" height=\"791\" class=\"wp-image-429\" src=\"http:\/\/groupemetalex.com\/wp-content\/uploads\/2019\/10\/STRUCTURE-001-LARGE-1024x791.jpg\" alt=\"CONCEPTION\" data-id=\"429\" data-link=\"http:\/\/groupemetalex.com\/?attachment_id=429\" srcset=\"https:\/\/groupemetalex.com\/wp-content\/uploads\/2019\/10\/STRUCTURE-001-LARGE-1024x791.jpg 1024w, https:\/\/groupemetalex.com\/wp-content\/uploads\/2019\/10\/STRUCTURE-001-LARGE-300x232.jpg 300w, https:\/\/groupemetalex.com\/wp-content\/uploads\/2019\/10\/STRUCTURE-001-LARGE-768x593.jpg 768w, https:\/\/groupemetalex.com\/wp-content\/uploads\/2019\/10\/STRUCTURE-001-LARGE-220x170.jpg 220w, https:\/\/groupemetalex.com\/wp-content\/uploads\/2019\/10\/STRUCTURE-001-LARGE-187x145.jpg 187w, https:\/\/groupemetalex.com\/wp-content\/uploads\/2019\/10\/STRUCTURE-001-LARGE-453x350.jpg 453w, https:\/\/groupemetalex.com\/wp-content\/uploads\/2019\/10\/STRUCTURE-001-LARGE.jpg 1650w\" sizes=\"auto, (max-width: 1024px) 100vw, 1024px\" \/><\/a><\/figure>\r\n<\/li>\r\n<li class=\"blocks-gallery-item\">\r\n<figure><a href=\"http:\/\/groupemetalex.com\/wp-content\/uploads\/2019\/03\/CONCEPTION-03-1024x768.jpg\"><img loading=\"lazy\" decoding=\"async\" width=\"1024\" height=\"768\" class=\"wp-image-117\" src=\"http:\/\/groupemetalex.com\/wp-content\/uploads\/2019\/03\/CONCEPTION-03-1024x768.jpg\" alt=\"Conception &amp; Design\" data-id=\"117\" data-link=\"http:\/\/groupemetalex.com\/?attachment_id=117\" srcset=\"https:\/\/groupemetalex.com\/wp-content\/uploads\/2019\/03\/CONCEPTION-03.jpg 1024w, https:\/\/groupemetalex.com\/wp-content\/uploads\/2019\/03\/CONCEPTION-03-300x225.jpg 300w, https:\/\/groupemetalex.com\/wp-content\/uploads\/2019\/03\/CONCEPTION-03-768x576.jpg 768w, https:\/\/groupemetalex.com\/wp-content\/uploads\/2019\/03\/CONCEPTION-03-220x165.jpg 220w, https:\/\/groupemetalex.com\/wp-content\/uploads\/2019\/03\/CONCEPTION-03-187x140.jpg 187w, https:\/\/groupemetalex.com\/wp-content\/uploads\/2019\/03\/CONCEPTION-03-453x340.jpg 453w\" sizes=\"auto, (max-width: 1024px) 100vw, 1024px\" \/><\/a><\/figure>\r\n<\/li>\r\n<li class=\"blocks-gallery-item\">\r\n<figure><a href=\"http:\/\/groupemetalex.com\/wp-content\/uploads\/2019\/03\/CONCEPTION-04-1024x488.jpg\"><img loading=\"lazy\" decoding=\"async\" width=\"1024\" height=\"488\" class=\"wp-image-114\" src=\"http:\/\/groupemetalex.com\/wp-content\/uploads\/2019\/03\/CONCEPTION-04-1024x488.jpg\" alt=\"\" data-id=\"114\" data-link=\"http:\/\/groupemetalex.com\/?attachment_id=114\" srcset=\"https:\/\/groupemetalex.com\/wp-content\/uploads\/2019\/03\/CONCEPTION-04.jpg 1024w, https:\/\/groupemetalex.com\/wp-content\/uploads\/2019\/03\/CONCEPTION-04-300x143.jpg 300w, https:\/\/groupemetalex.com\/wp-content\/uploads\/2019\/03\/CONCEPTION-04-768x366.jpg 768w, https:\/\/groupemetalex.com\/wp-content\/uploads\/2019\/03\/CONCEPTION-04-220x105.jpg 220w, https:\/\/groupemetalex.com\/wp-content\/uploads\/2019\/03\/CONCEPTION-04-187x89.jpg 187w, https:\/\/groupemetalex.com\/wp-content\/uploads\/2019\/03\/CONCEPTION-04-453x216.jpg 453w\" sizes=\"auto, (max-width: 1024px) 100vw, 1024px\" \/><\/a><\/figure>\r\n<\/li>\r\n<li class=\"blocks-gallery-item\">\r\n<figure><a href=\"http:\/\/groupemetalex.com\/wp-content\/uploads\/2019\/03\/CONCEPTION-08-1024x504.jpg\"><img loading=\"lazy\" decoding=\"async\" width=\"1024\" height=\"504\" class=\"wp-image-115\" src=\"http:\/\/groupemetalex.com\/wp-content\/uploads\/2019\/03\/CONCEPTION-08-1024x504.jpg\" alt=\"\" data-id=\"115\" data-link=\"http:\/\/groupemetalex.com\/?attachment_id=115\" srcset=\"https:\/\/groupemetalex.com\/wp-content\/uploads\/2019\/03\/CONCEPTION-08.jpg 1024w, https:\/\/groupemetalex.com\/wp-content\/uploads\/2019\/03\/CONCEPTION-08-300x148.jpg 300w, https:\/\/groupemetalex.com\/wp-content\/uploads\/2019\/03\/CONCEPTION-08-768x378.jpg 768w, https:\/\/groupemetalex.com\/wp-content\/uploads\/2019\/03\/CONCEPTION-08-220x108.jpg 220w, https:\/\/groupemetalex.com\/wp-content\/uploads\/2019\/03\/CONCEPTION-08-187x92.jpg 187w, https:\/\/groupemetalex.com\/wp-content\/uploads\/2019\/03\/CONCEPTION-08-453x223.jpg 453w\" sizes=\"auto, (max-width: 1024px) 100vw, 1024px\" \/><\/a><\/figure>\r\n<\/li>\r\n<li class=\"blocks-gallery-item\">\r\n<figure><a href=\"http:\/\/groupemetalex.com\/wp-content\/uploads\/2019\/10\/MTLX-CONCEPT-GC.jpg\"><img loading=\"lazy\" decoding=\"async\" width=\"612\" height=\"396\" class=\"wp-image-421\" src=\"http:\/\/groupemetalex.com\/wp-content\/uploads\/2019\/10\/MTLX-CONCEPT-GC.jpg\" alt=\"Conception &amp; Design\" data-id=\"421\" data-link=\"http:\/\/groupemetalex.com\/?attachment_id=421\" srcset=\"https:\/\/groupemetalex.com\/wp-content\/uploads\/2019\/10\/MTLX-CONCEPT-GC.jpg 612w, https:\/\/groupemetalex.com\/wp-content\/uploads\/2019\/10\/MTLX-CONCEPT-GC-300x194.jpg 300w, https:\/\/groupemetalex.com\/wp-content\/uploads\/2019\/10\/MTLX-CONCEPT-GC-220x142.jpg 220w, https:\/\/groupemetalex.com\/wp-content\/uploads\/2019\/10\/MTLX-CONCEPT-GC-187x121.jpg 187w, https:\/\/groupemetalex.com\/wp-content\/uploads\/2019\/10\/MTLX-CONCEPT-GC-453x293.jpg 453w\" sizes=\"auto, (max-width: 612px) 100vw, 612px\" \/><\/a><\/figure>\r\n<\/li>\r\n<li class=\"blocks-gallery-item\">\r\n<figure><a href=\"http:\/\/groupemetalex.com\/wp-content\/uploads\/2020\/09\/EscalierPolybel.jpg\"><img loading=\"lazy\" decoding=\"async\" width=\"1888\" height=\"1458\" class=\"wp-image-650\" src=\"http:\/\/groupemetalex.com\/wp-content\/uploads\/2020\/09\/EscalierPolybel.jpg\" alt=\"\" data-id=\"650\" data-full-url=\"http:\/\/groupemetalex.com\/wp-content\/uploads\/2020\/09\/EscalierPolybel.jpg\" data-link=\"http:\/\/groupemetalex.com\/?attachment_id=650\" srcset=\"https:\/\/groupemetalex.com\/wp-content\/uploads\/2020\/09\/EscalierPolybel.jpg 1888w, https:\/\/groupemetalex.com\/wp-content\/uploads\/2020\/09\/EscalierPolybel-768x593.jpg 768w, https:\/\/groupemetalex.com\/wp-content\/uploads\/2020\/09\/EscalierPolybel-1536x1186.jpg 1536w, https:\/\/groupemetalex.com\/wp-content\/uploads\/2020\/09\/EscalierPolybel-220x170.jpg 220w, https:\/\/groupemetalex.com\/wp-content\/uploads\/2020\/09\/EscalierPolybel-187x144.jpg 187w, https:\/\/groupemetalex.com\/wp-content\/uploads\/2020\/09\/EscalierPolybel-453x350.jpg 453w\" sizes=\"auto, (max-width: 1888px) 100vw, 1888px\" \/><\/a><\/figure>\r\n<\/li>\r\n<\/ul>\r\n<\/figure>\r\n","protected":false},"excerpt":{"rendered":"<p>Vous n&rsquo;avez pas toujours en main les plans pour r\u00e9aliser vos projets, nous offrons un service de prise de mesures, de conception assist\u00e9e par ordinateur (CAO) et de production de plans d&rsquo;atelier pour mise en production.<\/p>\n","protected":false},"author":1,"featured_media":117,"parent":0,"menu_order":2,"comment_status":"closed","ping_status":"closed","template":"","meta":{"footnotes":""},"class_list":["post-158","page","type-page","status-publish","has-post-thumbnail","hentry"],"_links":{"self":[{"href":"https:\/\/groupemetalex.com\/index.php?rest_route=\/wp\/v2\/pages\/158","targetHints":{"allow":["GET"]}}],"collection":[{"href":"https:\/\/groupemetalex.com\/index.php?rest_route=\/wp\/v2\/pages"}],"about":[{"href":"https:\/\/groupemetalex.com\/index.php?rest_route=\/wp\/v2\/types\/page"}],"author":[{"embeddable":true,"href":"https:\/\/groupemetalex.com\/index.php?rest_route=\/wp\/v2\/users\/1"}],"replies":[{"embeddable":true,"href":"https:\/\/groupemetalex.com\/index.php?rest_route=%2Fwp%2Fv2%2Fcomments&post=158"}],"version-history":[{"count":32,"href":"https:\/\/groupemetalex.com\/index.php?rest_route=\/wp\/v2\/pages\/158\/revisions"}],"predecessor-version":[{"id":779,"href":"https:\/\/groupemetalex.com\/index.php?rest_route=\/wp\/v2\/pages\/158\/revisions\/779"}],"wp:featuredmedia":[{"embeddable":true,"href":"https:\/\/groupemetalex.com\/index.php?rest_route=\/wp\/v2\/media\/117"}],"wp:attachment":[{"href":"https:\/\/groupemetalex.com\/index.php?rest_route=%2Fwp%2Fv2%2Fmedia&parent=158"}],"curies":[{"name":"wp","href":"https:\/\/api.w.org\/{rel}","templated":true}]}}