{"id":150,"date":"2019-03-21T00:01:02","date_gmt":"2019-03-21T05:01:02","guid":{"rendered":"http:\/\/groupemetalex.com\/?page_id=150"},"modified":"2026-03-30T08:00:36","modified_gmt":"2026-03-30T13:00:36","slug":"nous-joindre","status":"publish","type":"page","link":"https:\/\/groupemetalex.com\/?page_id=150","title":{"rendered":"POUR NOUS JOINDRE"},"content":{"rendered":"\r\n<div class=\"wp-block-media-text alignwide\" style=\"grid-template-columns: 27% auto;\">\r\n<figure class=\"wp-block-media-text__media\"><img loading=\"lazy\" decoding=\"async\" width=\"385\" height=\"385\" class=\"wp-image-226 size-full\" src=\"http:\/\/groupemetalex.com\/wp-content\/uploads\/2019\/05\/R\u00e9noFacadeWeb2.png\" alt=\"Groupe Metalex\" srcset=\"https:\/\/groupemetalex.com\/wp-content\/uploads\/2019\/05\/R\u00e9noFacadeWeb2.png 385w, https:\/\/groupemetalex.com\/wp-content\/uploads\/2019\/05\/R\u00e9noFacadeWeb2-150x150.png 150w, https:\/\/groupemetalex.com\/wp-content\/uploads\/2019\/05\/R\u00e9noFacadeWeb2-300x300.png 300w, https:\/\/groupemetalex.com\/wp-content\/uploads\/2019\/05\/R\u00e9noFacadeWeb2-220x220.png 220w, https:\/\/groupemetalex.com\/wp-content\/uploads\/2019\/05\/R\u00e9noFacadeWeb2-75x75.png 75w, https:\/\/groupemetalex.com\/wp-content\/uploads\/2019\/05\/R\u00e9noFacadeWeb2-187x187.png 187w, https:\/\/groupemetalex.com\/wp-content\/uploads\/2019\/05\/R\u00e9noFacadeWeb2-184x184.png 184w\" sizes=\"auto, (max-width: 385px) 100vw, 385px\" \/><\/figure>\r\n<div class=\"wp-block-media-text__content\">\r\n<p>Strat\u00e9giquement positionn\u00e9e \u00e0 proximit\u00e9 du parc industriel de B\u00e9cancour,\u00a0\u00e0 mi-chemin entre Qu\u00e9bec et Montr\u00e9al, toute l&rsquo;\u00e9quipe de\u00a0Groupe Metalex inc entamme chaque journ\u00e9e avec comme objectif de servir tous ses clients et partenaires avec professionnalisme, rigueur et proactivit\u00e9.<\/p>\r\n<\/div>\r\n<\/div>\r\n\r\n\r\n<hr class=\"wp-block-separator\" \/>\r\n\r\n\r\n<p class=\"has-text-align-center\">T\u00c9L\u00c9PHONE: <a href=\"tel:18192972889\">(819) 297-2889<\/a><\/p>\r\n\r\n\r\n\r\n<p class=\"has-text-align-center\">SANS-FRAIS: <a href=\"tel:18772125513\">1-877-212-5513<\/a><\/p>\r\n\r\n\r\n\r\n\r\n\r\n<p class=\"has-text-align-center\">COURRIEL G\u00c9N\u00c9RAL: <a href=\"mailto:info@groupemetalex.com\">info@groupemetalex.com<\/a><\/p>\r\n\r\n\r\n\r\n<p class=\"has-text-align-center\">ADRESSE: <a href=\"https:\/\/www.google.ca\/maps\/place\/Metalex+Inc\/@46.3038609,-72.2814334,17z\/data=!4m13!1m7!3m6!1s0x4cc7ebd06b1e35f3:0xea8dc6bffb1fe65!2s7850+Boulevard+du+Parc-Industriel,+B%C3%A9cancour,+QC+G9H+3N7!3b1!8m2!3d46.3038572!4d-72.2792447!3m4!1s0x4cc7ea2daaaaaaab:0x88729ae4d1359e4a!8m2!3d46.3040203!4d-72.2790761\" target=\"_blank\" rel=\"noreferrer noopener\">7850 Boul du Parc Industriel<br \/>B\u00e9cancour (Qc) G9H 3N5 <\/a><\/p>\r\n\r\n\r\n<hr class=\"wp-block-separator\" \/>\r\n<h2 class=\"has-text-align-center\">BUREAU<\/h2>\r\n<p><strong>St-Augustin-de-Desmaures<\/strong><br \/>95, rue des Grands Lacs, St-Augustin-de-Desmaures Qc G3A 1T5<\/p>\r\n<p><strong>B\u00e9cancour<\/strong><br \/>7850 Bd du Parc-Industriel, B\u00e9cancour, Qc G9H 3N5<\/p>\r\n\r\n<div class=\"wp-block-media-text alignwide\" style=\"grid-template-columns: 27% auto;\">\r\n<div class=\"wp-block-media-text__content\"><\/div>\r\n<\/div>\r\n<!-- \/wp:post-content -->\r\n\r\n<!-- wp:separator --><hr class=\"wp-block-separator\" \/><!-- \/wp:separator -->\r\n\r\n<!-- wp:heading {\"textAlign\":\"center\"} -->\r\n<h2 class=\"has-text-align-center\">HEURES D&rsquo;OUVERTURE<\/h2>\r\n<!-- \/wp:heading -->\r\n\r\n<!-- wp:separator --><hr class=\"wp-block-separator\" \/><!-- \/wp:separator -->\r\n\r\n<!-- wp:columns -->\r\n<div class=\"wp-block-columns\"><!-- wp:column -->\r\n<div class=\"wp-block-column\"><!-- wp:paragraph {\"align\":\"center\"} -->\r\n<p class=\"has-text-align-center\"><strong>Lundi au Jeudi<\/strong><br \/>6h30 \u00e0 17h00<\/p>\r\n<!-- \/wp:paragraph --><\/div>\r\n<!-- \/wp:column -->\r\n\r\n<!-- wp:column -->\r\n<div class=\"wp-block-column\"><!-- wp:paragraph {\"align\":\"center\"} -->\r\n<p class=\"has-text-align-center\"><strong>Vendredi<\/strong><br \/>Ferm\u00e9<\/p>\r\n<!-- \/wp:paragraph --><\/div>\r\n<!-- \/wp:column -->\r\n\r\n<!-- wp:column -->\r\n<div class=\"wp-block-column\"><!-- wp:paragraph {\"align\":\"center\"} -->\r\n<p class=\"has-text-align-center\"><strong>Samedi-Dimanche<\/strong><br \/>Ferm\u00e9<\/p>\r\n<!-- \/wp:paragraph --><\/div>\r\n<!-- \/wp:column --><\/div>\r\n<!-- \/wp:columns -->\r\n\r\n<!-- wp:separator --><hr class=\"wp-block-separator\" \/><!-- \/wp:separator -->\r\n\r\n<!-- wp:heading {\"textAlign\":\"center\"} -->\r\n<h2 class=\"has-text-align-center\">CONTACTS<\/h2>\r\n<!-- \/wp:heading -->\r\n\r\n<!-- wp:separator --><hr class=\"wp-block-separator\" \/><!-- \/wp:separator -->\r\n\r\n<!-- wp:columns {\"className\":\"has-2-columns\"} -->\r\n<div class=\"liste-contact\">\r\n<p><strong>FR\u00c9D\u00c9RIC MARCOT<br \/><\/strong>Pr\u00e9sident et charg\u00e9 de projets<br \/><a href=\"mailto:fmarcot@groupemetalex.com\">fmarcot@groupemetalex.com<\/a><br \/>Cell : <a href=\"tel:4185802941\">418 580-2941<\/a><br \/>Tel: <a href=\"tel:18192972889,103\">(819) 297-2889 (Poste 103)<\/a><\/p>\r\n<p><strong>JEREMY BOUCHER<br \/><\/strong>Vice-pr\u00e9sident et Directeur d&rsquo;usine<br \/><a href=\"mailto:jboucher@groupemetalex.com\">jboucher@groupemetalex.com<\/a><br \/>Cell : <a href=\"tel:8193832725\">819 383-2725<\/a><br \/>Tel : <a href=\"tel:18192972889,105\">(819) 297-2889 (Poste 105)<\/a><\/p>\r\n<p><strong>C\u00c9LINE MARCOT<br \/><\/strong>Charg\u00e9e de projets<br \/><a href=\"mailto:cmarcot@groupemetalex.com\">cmarcot@groupemetalex.com<\/a><br \/>Cell : <a href=\"tel:5819994419\">581 999-4419<\/a><\/p>\r\n<p><strong>TOM MARCOT<br \/><\/strong>Charg\u00e9 de projets<br \/><a href=\"mailto:tmarcot@groupemetalex.com\">tmarcot@groupemetalex.com<\/a><br \/>Cell : <a href=\"tel:4189562720\">418-956-2720<\/a><\/p>\r\n<p><strong>YVAN MARCOUX<br \/><\/strong>Charg\u00e9 de projets<br \/><a href=\"mailto:ymarcoux@groupemetalex.com\">ymarcoux@groupemetalex.com<\/a><br \/>Cell : <a href=\"tel:5819824926\">581-982-4926<\/a><\/p>\r\n<p><strong>ADMINISTRATION ET COMPTABILIT\u00c9<\/strong><br \/><a href=\"mailto:payables@groupemetalex.com\">payables@groupemetalex.com<\/a><br \/>Tel : <a href=\"tel:18192972889,101\">(819) 297-2889 (Poste 101)<\/a><\/p>\r\n<p><strong>SOUMISSION<br \/><\/strong><a href=\"mailto:soumissions@groupemetalex.com\">soumissions@groupemetalex.com<\/a><\/p>\r\n<\/div>","protected":false},"excerpt":{"rendered":"<p>Strat\u00e9giquement positionn\u00e9e \u00e0 proximit\u00e9 du parc industriel de B\u00e9cancour,\u00a0\u00e0 mi-chemin entre Qu\u00e9bec et Montr\u00e9al, toute l&rsquo;\u00e9quipe de\u00a0Groupe Metalex inc entamme chaque journ\u00e9e avec comme objectif de servir tous ses clients et partenaires avec professionnalisme, rigueur et proactivit\u00e9. T\u00c9L\u00c9PHONE: (819) 297-2889 SANS-FRAIS: 1-877-212-5513 COURRIEL G\u00c9N\u00c9RAL: info@groupemetalex.com ADRESSE: 7850 Boul du Parc IndustrielB\u00e9cancour (Qc) G9H 3N5 HEURES [&hellip;]<\/p>\n","protected":false},"author":1,"featured_media":0,"parent":0,"menu_order":4,"comment_status":"closed","ping_status":"closed","template":"","meta":{"footnotes":""},"class_list":["post-150","page","type-page","status-publish","hentry"],"_links":{"self":[{"href":"https:\/\/groupemetalex.com\/index.php?rest_route=\/wp\/v2\/pages\/150","targetHints":{"allow":["GET"]}}],"collection":[{"href":"https:\/\/groupemetalex.com\/index.php?rest_route=\/wp\/v2\/pages"}],"about":[{"href":"https:\/\/groupemetalex.com\/index.php?rest_route=\/wp\/v2\/types\/page"}],"author":[{"embeddable":true,"href":"https:\/\/groupemetalex.com\/index.php?rest_route=\/wp\/v2\/users\/1"}],"replies":[{"embeddable":true,"href":"https:\/\/groupemetalex.com\/index.php?rest_route=%2Fwp%2Fv2%2Fcomments&post=150"}],"version-history":[{"count":66,"href":"https:\/\/groupemetalex.com\/index.php?rest_route=\/wp\/v2\/pages\/150\/revisions"}],"predecessor-version":[{"id":790,"href":"https:\/\/groupemetalex.com\/index.php?rest_route=\/wp\/v2\/pages\/150\/revisions\/790"}],"wp:attachment":[{"href":"https:\/\/groupemetalex.com\/index.php?rest_route=%2Fwp%2Fv2%2Fmedia&parent=150"}],"curies":[{"name":"wp","href":"https:\/\/api.w.org\/{rel}","templated":true}]}}